{"id":2223,"date":"2019-09-03T14:13:33","date_gmt":"2019-09-03T12:13:33","guid":{"rendered":"https:\/\/ribolovni-pribor.hr\/?post_type=product&#038;p=2223"},"modified":"2026-04-22T09:58:01","modified_gmt":"2026-04-22T07:58:01","slug":"mainline-bait-spray-pineapple-juice","status":"publish","type":"product","link":"https:\/\/ribolovni-pribor.hr\/index.php\/proizvod\/mainline-bait-spray-pineapple-juice\/","title":{"rendered":"MAINLINE BAIT SPRAY"},"content":{"rendered":"<p>&#8211; Mainline Bait Sprayevi izvrsni su instant busteri<br \/>\n&#8211; Poja\u010davaju aromu i atraktivnost mamca<br \/>\n&#8211; Mogu se koristiti na boilama, peletama, zrnju&#8230;<br \/>\n&#8211; Sadr\u017ee mix aroma, sladila i atraktora koji se tako\u0111er koriste u izradi Hi-Visual pop-upica<br \/>\n&#8211; PVA friendly<br \/>\n&#8211; 50ml<\/p>\n","protected":false},"excerpt":{"rendered":"<p>&#8211; Mainline Bait Sprayevi izvrsni su instant busteri &#8211; Poja\u010davaju aromu i atraktivnost mamca &#8211; Mogu se koristiti na boilama, peletama, zrnju&#8230; &#8211; Sadr\u017ee mix aroma, sladila i atraktora koji se tako\u0111er koriste u izradi Hi-Visual pop-upica &#8211; PVA friendly &#8211; 50ml<\/p>\n","protected":false},"featured_media":2224,"comment_status":"open","ping_status":"closed","template":"","meta":[],"_links":{"self":[{"href":"https:\/\/ribolovni-pribor.hr\/index.php\/wp-json\/wp\/v2\/product\/2223"}],"collection":[{"href":"https:\/\/ribolovni-pribor.hr\/index.php\/wp-json\/wp\/v2\/product"}],"about":[{"href":"https:\/\/ribolovni-pribor.hr\/index.php\/wp-json\/wp\/v2\/types\/product"}],"replies":[{"embeddable":true,"href":"https:\/\/ribolovni-pribor.hr\/index.php\/wp-json\/wp\/v2\/comments?post=2223"}],"wp:featuredmedia":[{"embeddable":true,"href":"https:\/\/ribolovni-pribor.hr\/index.php\/wp-json\/wp\/v2\/media\/2224"}],"wp:attachment":[{"href":"https:\/\/ribolovni-pribor.hr\/index.php\/wp-json\/wp\/v2\/media?parent=2223"}],"curies":[{"name":"wp","href":"https:\/\/api.w.org\/{rel}","templated":true}]}}