{"id":2245,"date":"2019-09-03T15:07:23","date_gmt":"2019-09-03T13:07:23","guid":{"rendered":"https:\/\/ribolovni-pribor.hr\/?post_type=product&#038;p=2245"},"modified":"2020-03-31T22:37:41","modified_gmt":"2020-03-31T20:37:41","slug":"mainline-balanced-wafters-celltm-15mm","status":"publish","type":"product","link":"https:\/\/ribolovni-pribor.hr\/index.php\/proizvod\/mainline-balanced-wafters-celltm-15mm\/","title":{"rendered":"MAINLINE BALANCED WAFTERS 15MM"},"content":{"rendered":"<p>-Mainline izbalansirane boile<br \/>\n-Vrlo lagano tonu<br \/>\n-Omogu\u0107uju odli\u010dnu prezentaciju<br \/>\n-Boila se pona\u0161a prirodno u vodi \u0161to sprije\u010dava sumnji\u010davost ribe<br \/>\n-250ml bo\u010dice<\/p>\n","protected":false},"excerpt":{"rendered":"<p>-Mainline izbalansirane boile -Vrlo lagano tonu -Omogu\u0107uju odli\u010dnu prezentaciju -Boila se pona\u0161a prirodno u vodi \u0161to sprije\u010dava sumnji\u010davost ribe -250ml bo\u010dice<\/p>\n","protected":false},"featured_media":2246,"comment_status":"open","ping_status":"closed","template":"","meta":[],"_links":{"self":[{"href":"https:\/\/ribolovni-pribor.hr\/index.php\/wp-json\/wp\/v2\/product\/2245"}],"collection":[{"href":"https:\/\/ribolovni-pribor.hr\/index.php\/wp-json\/wp\/v2\/product"}],"about":[{"href":"https:\/\/ribolovni-pribor.hr\/index.php\/wp-json\/wp\/v2\/types\/product"}],"replies":[{"embeddable":true,"href":"https:\/\/ribolovni-pribor.hr\/index.php\/wp-json\/wp\/v2\/comments?post=2245"}],"wp:featuredmedia":[{"embeddable":true,"href":"https:\/\/ribolovni-pribor.hr\/index.php\/wp-json\/wp\/v2\/media\/2246"}],"wp:attachment":[{"href":"https:\/\/ribolovni-pribor.hr\/index.php\/wp-json\/wp\/v2\/media?parent=2245"}],"curies":[{"name":"wp","href":"https:\/\/api.w.org\/{rel}","templated":true}]}}