{"id":2249,"date":"2019-09-03T15:14:12","date_gmt":"2019-09-03T13:14:12","guid":{"rendered":"https:\/\/ribolovni-pribor.hr\/?post_type=product&#038;p=2249"},"modified":"2020-03-31T22:37:58","modified_gmt":"2020-03-31T20:37:58","slug":"mainline-shelf-life-boilies-tutti-frutti-10mm-200g","status":"publish","type":"product","link":"https:\/\/ribolovni-pribor.hr\/index.php\/proizvod\/mainline-shelf-life-boilies-tutti-frutti-10mm-200g\/","title":{"rendered":"MAINLINE SHELF LIFE BOILIES 10MM 200G"},"content":{"rendered":"<p>Koriste\u0107i dokazane okuse i dodatke zajedno s baznim mixom daje izvrstan paket atraktora.<br \/>\nVo\u0107ni, riblji i delikatesni okusi omogu\u0107uju da prilagodite svoj mamac bilo kojoj vodi.<\/p>\n","protected":false},"excerpt":{"rendered":"<p>Koriste\u0107i dokazane okuse i dodatke zajedno s baznim mixom daje izvrstan paket atraktora. Vo\u0107ni, riblji i delikatesni okusi omogu\u0107uju da prilagodite svoj mamac bilo kojoj vodi.<\/p>\n","protected":false},"featured_media":2250,"comment_status":"open","ping_status":"closed","template":"","meta":[],"_links":{"self":[{"href":"https:\/\/ribolovni-pribor.hr\/index.php\/wp-json\/wp\/v2\/product\/2249"}],"collection":[{"href":"https:\/\/ribolovni-pribor.hr\/index.php\/wp-json\/wp\/v2\/product"}],"about":[{"href":"https:\/\/ribolovni-pribor.hr\/index.php\/wp-json\/wp\/v2\/types\/product"}],"replies":[{"embeddable":true,"href":"https:\/\/ribolovni-pribor.hr\/index.php\/wp-json\/wp\/v2\/comments?post=2249"}],"wp:featuredmedia":[{"embeddable":true,"href":"https:\/\/ribolovni-pribor.hr\/index.php\/wp-json\/wp\/v2\/media\/2250"}],"wp:attachment":[{"href":"https:\/\/ribolovni-pribor.hr\/index.php\/wp-json\/wp\/v2\/media?parent=2249"}],"curies":[{"name":"wp","href":"https:\/\/api.w.org\/{rel}","templated":true}]}}