{"id":2273,"date":"2019-09-03T15:43:50","date_gmt":"2019-09-03T13:43:50","guid":{"rendered":"https:\/\/ribolovni-pribor.hr\/?post_type=product&#038;p=2273"},"modified":"2020-03-31T22:38:51","modified_gmt":"2020-03-31T20:38:51","slug":"mainline-cork-dust-wafters-cell-tm-14mm","status":"publish","type":"product","link":"https:\/\/ribolovni-pribor.hr\/index.php\/proizvod\/mainline-cork-dust-wafters-cell-tm-14mm\/","title":{"rendered":"MAINLINE CORK DUST WAFTERS 14MM"},"content":{"rendered":"<p>-Mainline waftersi<br \/>\n-Balansiran mamac dodavanjem usitnjenog pluta<br \/>\n-Vrlo lagano tonu<br \/>\n-Omogu\u0107uju odli\u010dnu prezentaciju<br \/>\n-Boila se pona\u0161a prirodno u vodi \u0161to sprje\u010dava sumnji\u010davost ribe<br \/>\n-Veli\u010dina:14mm<br \/>\n-Arome: The Link, CellTM, Essential CellTM<\/p>\n","protected":false},"excerpt":{"rendered":"<p>-Mainline waftersi -Balansiran mamac dodavanjem usitnjenog pluta -Vrlo lagano tonu -Omogu\u0107uju odli\u010dnu prezentaciju -Boila se pona\u0161a prirodno u vodi \u0161to sprje\u010dava sumnji\u010davost ribe -Veli\u010dina:14mm -Arome: The Link, CellTM, Essential CellTM<\/p>\n","protected":false},"featured_media":2275,"comment_status":"open","ping_status":"closed","template":"","meta":[],"_links":{"self":[{"href":"https:\/\/ribolovni-pribor.hr\/index.php\/wp-json\/wp\/v2\/product\/2273"}],"collection":[{"href":"https:\/\/ribolovni-pribor.hr\/index.php\/wp-json\/wp\/v2\/product"}],"about":[{"href":"https:\/\/ribolovni-pribor.hr\/index.php\/wp-json\/wp\/v2\/types\/product"}],"replies":[{"embeddable":true,"href":"https:\/\/ribolovni-pribor.hr\/index.php\/wp-json\/wp\/v2\/comments?post=2273"}],"wp:featuredmedia":[{"embeddable":true,"href":"https:\/\/ribolovni-pribor.hr\/index.php\/wp-json\/wp\/v2\/media\/2275"}],"wp:attachment":[{"href":"https:\/\/ribolovni-pribor.hr\/index.php\/wp-json\/wp\/v2\/media?parent=2273"}],"curies":[{"name":"wp","href":"https:\/\/api.w.org\/{rel}","templated":true}]}}