{"id":2292,"date":"2019-09-03T16:24:29","date_gmt":"2019-09-03T14:24:29","guid":{"rendered":"https:\/\/ribolovni-pribor.hr\/?post_type=product&#038;p=2292"},"modified":"2023-02-20T10:32:11","modified_gmt":"2023-02-20T09:32:11","slug":"mainline-high-impact-boilies-peaches-cream-15mm-1kg","status":"publish","type":"product","link":"https:\/\/ribolovni-pribor.hr\/index.php\/proizvod\/mainline-high-impact-boilies-peaches-cream-15mm-1kg\/","title":{"rendered":"MAINLINE HIGH IMPACT BOILIES 15MM 1KG"},"content":{"rendered":"<p>-Mainline boile<br \/>\n-Kompletan mamac<br \/>\n-Visokokvalitetni sastojci<br \/>\n-Dizajniran za \u0161to du\u017ee zadr\u017eavanje svje\u017eine<br \/>\n-Odli\u010dne u kombinaciji s High Impact teku\u0107im dodacima i aditivima<br \/>\n-Vre\u0107ica s mogu\u0107no\u0161\u0107u ponovnog zatvaranja<br \/>\n-Promjer: 15 mm<br \/>\n-Pakiranje: 1 kg<\/p>\n","protected":false},"excerpt":{"rendered":"<p>-Mainline boile -Kompletan mamac -Visokokvalitetni sastojci -Dizajniran za \u0161to du\u017ee zadr\u017eavanje svje\u017eine -Odli\u010dne u kombinaciji s High Impact teku\u0107im dodacima i aditivima -Vre\u0107ica s mogu\u0107no\u0161\u0107u ponovnog zatvaranja -Promjer: 15 mm -Pakiranje: 1 kg<\/p>\n","protected":false},"featured_media":2290,"comment_status":"open","ping_status":"closed","template":"","meta":[],"_links":{"self":[{"href":"https:\/\/ribolovni-pribor.hr\/index.php\/wp-json\/wp\/v2\/product\/2292"}],"collection":[{"href":"https:\/\/ribolovni-pribor.hr\/index.php\/wp-json\/wp\/v2\/product"}],"about":[{"href":"https:\/\/ribolovni-pribor.hr\/index.php\/wp-json\/wp\/v2\/types\/product"}],"replies":[{"embeddable":true,"href":"https:\/\/ribolovni-pribor.hr\/index.php\/wp-json\/wp\/v2\/comments?post=2292"}],"wp:featuredmedia":[{"embeddable":true,"href":"https:\/\/ribolovni-pribor.hr\/index.php\/wp-json\/wp\/v2\/media\/2290"}],"wp:attachment":[{"href":"https:\/\/ribolovni-pribor.hr\/index.php\/wp-json\/wp\/v2\/media?parent=2292"}],"curies":[{"name":"wp","href":"https:\/\/api.w.org\/{rel}","templated":true}]}}