{"id":7150,"date":"2020-03-30T17:24:18","date_gmt":"2020-03-30T15:24:18","guid":{"rendered":"https:\/\/ribolovni-pribor.hr\/?post_type=product&#038;p=7150"},"modified":"2026-02-13T12:18:30","modified_gmt":"2026-02-13T11:18:30","slug":"korda-wide-gape-x","status":"publish","type":"product","link":"https:\/\/ribolovni-pribor.hr\/index.php\/proizvod\/korda-wide-gape-x\/","title":{"rendered":"KORDA WIDE GAPE X"},"content":{"rendered":"<div class=\"product-lower-primary-column box-additional grid12-9\">\n<div class=\"collateral-container box-tabs\">\n<div id=\"product-tabs\" class=\"gen-tabs gen-tabs--style1\">\n<div class=\"tabs-panels\">\n<div class=\"panel\">\n<div class=\"std\">Pakiranje sadr\u017ei 10 komada.<\/p>\n<p>Wide Gape X je u osnovi pobolj\u0161ana verzija popularnog Wipe Gape dizajna. Dizajnirana je za tra\u017eenje \u0161arana u zapu\u0161tenim vodama sa preprekama ili u vrlo zahtjevnim europskim vodama. Udica obuhva\u0107a iste zna\u010dajke kao i Wide Gape, ali dolazi sa debljom i poja\u010danom o\u0161tricom.<\/p>\n<\/div>\n<\/div>\n<\/div>\n<\/div>\n<\/div>\n<\/div>\n<div class=\"product-lower-primary-column-part2 box-additional grid12-9\">\n<div class=\"box-collateral box-upsell\">\n<div class=\"block block-upsell\"><\/div>\n<\/div>\n<\/div>\n","protected":false},"excerpt":{"rendered":"<p>Pakiranje sadr\u017ei 10 komada. Wide Gape X je u osnovi pobolj\u0161ana verzija popularnog Wipe Gape dizajna. Dizajnirana je za tra\u017eenje \u0161arana u zapu\u0161tenim vodama sa preprekama ili u vrlo zahtjevnim europskim vodama. Udica obuhva\u0107a iste zna\u010dajke kao i Wide Gape, ali dolazi sa debljom i poja\u010danom o\u0161tricom.<\/p>\n","protected":false},"featured_media":7155,"comment_status":"open","ping_status":"closed","template":"","meta":[],"_links":{"self":[{"href":"https:\/\/ribolovni-pribor.hr\/index.php\/wp-json\/wp\/v2\/product\/7150"}],"collection":[{"href":"https:\/\/ribolovni-pribor.hr\/index.php\/wp-json\/wp\/v2\/product"}],"about":[{"href":"https:\/\/ribolovni-pribor.hr\/index.php\/wp-json\/wp\/v2\/types\/product"}],"replies":[{"embeddable":true,"href":"https:\/\/ribolovni-pribor.hr\/index.php\/wp-json\/wp\/v2\/comments?post=7150"}],"wp:featuredmedia":[{"embeddable":true,"href":"https:\/\/ribolovni-pribor.hr\/index.php\/wp-json\/wp\/v2\/media\/7155"}],"wp:attachment":[{"href":"https:\/\/ribolovni-pribor.hr\/index.php\/wp-json\/wp\/v2\/media?parent=7150"}],"curies":[{"name":"wp","href":"https:\/\/api.w.org\/{rel}","templated":true}]}}