{"id":7180,"date":"2020-03-30T17:54:45","date_gmt":"2020-03-30T15:54:45","guid":{"rendered":"https:\/\/ribolovni-pribor.hr\/?post_type=product&#038;p=7180"},"modified":"2020-03-31T22:44:09","modified_gmt":"2020-03-31T20:44:09","slug":"korda-super-wrap","status":"publish","type":"product","link":"https:\/\/ribolovni-pribor.hr\/index.php\/proizvod\/korda-super-wrap\/","title":{"rendered":"KORDA SUPER WRAP"},"content":{"rendered":"<p>Super Wrap dizajnirao je Tim Korda kako bi se sprije\u010dilo da rakovi i \u0161tetne vrste o\u0161te\u0107uju ili kradu mamce.<\/p>\n","protected":false},"excerpt":{"rendered":"<p>Super Wrap dizajnirao je Tim Korda kako bi se sprije\u010dilo da rakovi i \u0161tetne vrste o\u0161te\u0107uju ili kradu mamce.<\/p>\n","protected":false},"featured_media":7184,"comment_status":"open","ping_status":"closed","template":"","meta":[],"_links":{"self":[{"href":"https:\/\/ribolovni-pribor.hr\/index.php\/wp-json\/wp\/v2\/product\/7180"}],"collection":[{"href":"https:\/\/ribolovni-pribor.hr\/index.php\/wp-json\/wp\/v2\/product"}],"about":[{"href":"https:\/\/ribolovni-pribor.hr\/index.php\/wp-json\/wp\/v2\/types\/product"}],"replies":[{"embeddable":true,"href":"https:\/\/ribolovni-pribor.hr\/index.php\/wp-json\/wp\/v2\/comments?post=7180"}],"wp:featuredmedia":[{"embeddable":true,"href":"https:\/\/ribolovni-pribor.hr\/index.php\/wp-json\/wp\/v2\/media\/7184"}],"wp:attachment":[{"href":"https:\/\/ribolovni-pribor.hr\/index.php\/wp-json\/wp\/v2\/media?parent=7180"}],"curies":[{"name":"wp","href":"https:\/\/api.w.org\/{rel}","templated":true}]}}