{"id":7218,"date":"2020-03-30T19:11:07","date_gmt":"2020-03-30T17:11:07","guid":{"rendered":"https:\/\/ribolovni-pribor.hr\/?post_type=product&#038;p=7218"},"modified":"2020-03-31T22:49:45","modified_gmt":"2020-03-31T20:49:45","slug":"korda-run-rig-rubber","status":"publish","type":"product","link":"https:\/\/ribolovni-pribor.hr\/index.php\/proizvod\/korda-run-rig-rubber\/","title":{"rendered":"KORDA RUN RIG RUBBER"},"content":{"rendered":"<p>Guma je na jednom dijelu zakrenuta za 30 stupnjeva, \u0161to zna\u010di da Big Eyed Swiwvel dr\u017ei olovo na boljem kutu nego kod ostalih standardnih kliznih sistema.<br \/>\nPakiranje sadr\u017ei 10 komada.<\/p>\n","protected":false},"excerpt":{"rendered":"<p>Guma je na jednom dijelu zakrenuta za 30 stupnjeva, \u0161to zna\u010di da Big Eyed Swiwvel dr\u017ei olovo na boljem kutu nego kod ostalih standardnih kliznih sistema. Pakiranje sadr\u017ei 10 komada.<\/p>\n","protected":false},"featured_media":7221,"comment_status":"open","ping_status":"closed","template":"","meta":[],"_links":{"self":[{"href":"https:\/\/ribolovni-pribor.hr\/index.php\/wp-json\/wp\/v2\/product\/7218"}],"collection":[{"href":"https:\/\/ribolovni-pribor.hr\/index.php\/wp-json\/wp\/v2\/product"}],"about":[{"href":"https:\/\/ribolovni-pribor.hr\/index.php\/wp-json\/wp\/v2\/types\/product"}],"replies":[{"embeddable":true,"href":"https:\/\/ribolovni-pribor.hr\/index.php\/wp-json\/wp\/v2\/comments?post=7218"}],"wp:featuredmedia":[{"embeddable":true,"href":"https:\/\/ribolovni-pribor.hr\/index.php\/wp-json\/wp\/v2\/media\/7221"}],"wp:attachment":[{"href":"https:\/\/ribolovni-pribor.hr\/index.php\/wp-json\/wp\/v2\/media?parent=7218"}],"curies":[{"name":"wp","href":"https:\/\/api.w.org\/{rel}","templated":true}]}}