{"id":7306,"date":"2020-03-30T23:00:51","date_gmt":"2020-03-30T21:00:51","guid":{"rendered":"https:\/\/ribolovni-pribor.hr\/?post_type=product&#038;p=7306"},"modified":"2020-03-31T22:52:50","modified_gmt":"2020-03-31T20:52:50","slug":"korda-wide-gape-xx","status":"publish","type":"product","link":"https:\/\/ribolovni-pribor.hr\/index.php\/proizvod\/korda-wide-gape-xx\/","title":{"rendered":"KORDA WIDE GAPE XX"},"content":{"rendered":"<p>Jo\u0161 ja\u010da verzija udica Wide Gape. Izvrsna na najzahtjevnijim vodama. \u010cvrsta, o\u0161tra i pouzdana<br \/>\nPakiranje sadr\u017ei 10 komada.<\/p>\n","protected":false},"excerpt":{"rendered":"<p>Jo\u0161 ja\u010da verzija udica Wide Gape. Izvrsna na najzahtjevnijim vodama. \u010cvrsta, o\u0161tra i pouzdana Pakiranje sadr\u017ei 10 komada.<\/p>\n","protected":false},"featured_media":7311,"comment_status":"open","ping_status":"closed","template":"","meta":[],"_links":{"self":[{"href":"https:\/\/ribolovni-pribor.hr\/index.php\/wp-json\/wp\/v2\/product\/7306"}],"collection":[{"href":"https:\/\/ribolovni-pribor.hr\/index.php\/wp-json\/wp\/v2\/product"}],"about":[{"href":"https:\/\/ribolovni-pribor.hr\/index.php\/wp-json\/wp\/v2\/types\/product"}],"replies":[{"embeddable":true,"href":"https:\/\/ribolovni-pribor.hr\/index.php\/wp-json\/wp\/v2\/comments?post=7306"}],"wp:featuredmedia":[{"embeddable":true,"href":"https:\/\/ribolovni-pribor.hr\/index.php\/wp-json\/wp\/v2\/media\/7311"}],"wp:attachment":[{"href":"https:\/\/ribolovni-pribor.hr\/index.php\/wp-json\/wp\/v2\/media?parent=7306"}],"curies":[{"name":"wp","href":"https:\/\/api.w.org\/{rel}","templated":true}]}}