{"id":7375,"date":"2020-03-31T00:50:37","date_gmt":"2020-03-30T22:50:37","guid":{"rendered":"https:\/\/ribolovni-pribor.hr\/?post_type=product&#038;p=7375"},"modified":"2020-03-31T17:20:42","modified_gmt":"2020-03-31T15:20:42","slug":"korda-kutter","status":"publish","type":"product","link":"https:\/\/ribolovni-pribor.hr\/index.php\/proizvod\/korda-kutter\/","title":{"rendered":"KORDA KUTTER"},"content":{"rendered":"<p>Ovim pomo\u0107nim alatom mo\u017eete na najbr\u017ei i najjednostavniji na\u010din rasje\u0107i boile na dvije polovice.<\/p>\n","protected":false},"excerpt":{"rendered":"<p>Ovim pomo\u0107nim alatom mo\u017eete na najbr\u017ei i najjednostavniji na\u010din rasje\u0107i boile na dvije polovice.<\/p>\n","protected":false},"featured_media":7378,"comment_status":"open","ping_status":"closed","template":"","meta":[],"_links":{"self":[{"href":"https:\/\/ribolovni-pribor.hr\/index.php\/wp-json\/wp\/v2\/product\/7375"}],"collection":[{"href":"https:\/\/ribolovni-pribor.hr\/index.php\/wp-json\/wp\/v2\/product"}],"about":[{"href":"https:\/\/ribolovni-pribor.hr\/index.php\/wp-json\/wp\/v2\/types\/product"}],"replies":[{"embeddable":true,"href":"https:\/\/ribolovni-pribor.hr\/index.php\/wp-json\/wp\/v2\/comments?post=7375"}],"wp:featuredmedia":[{"embeddable":true,"href":"https:\/\/ribolovni-pribor.hr\/index.php\/wp-json\/wp\/v2\/media\/7378"}],"wp:attachment":[{"href":"https:\/\/ribolovni-pribor.hr\/index.php\/wp-json\/wp\/v2\/media?parent=7375"}],"curies":[{"name":"wp","href":"https:\/\/api.w.org\/{rel}","templated":true}]}}