{"id":7411,"date":"2020-03-31T01:20:34","date_gmt":"2020-03-30T23:20:34","guid":{"rendered":"https:\/\/ribolovni-pribor.hr\/?post_type=product&#038;p=7411"},"modified":"2020-03-31T17:17:04","modified_gmt":"2020-03-31T15:17:04","slug":"korda-rig-rings","status":"publish","type":"product","link":"https:\/\/ribolovni-pribor.hr\/index.php\/proizvod\/korda-rig-rings\/","title":{"rendered":"KORDA RIG RINGS"},"content":{"rendered":"<p>Korda Hybrid Rig Rings su napravljenj od najboljih metala dana\u0161njice. Korda Rig Rings su specijalno dizajnirani kako bi ribi\u010di mogli stvoriti razli\u010dite sisteme za sve dana\u0161nje potrebe lova \u0161arana. Idealni su u kombinaciji sa svim verzijama Hybrid Teflon premazanim udicama. <\/p>\n","protected":false},"excerpt":{"rendered":"<p>Korda Hybrid Rig Rings su napravljenj od najboljih metala dana\u0161njice. Korda Rig Rings su specijalno dizajnirani kako bi ribi\u010di mogli stvoriti razli\u010dite sisteme za sve dana\u0161nje potrebe lova \u0161arana. Idealni su u kombinaciji sa svim verzijama Hybrid Teflon premazanim udicama.<\/p>\n","protected":false},"featured_media":7413,"comment_status":"open","ping_status":"closed","template":"","meta":[],"_links":{"self":[{"href":"https:\/\/ribolovni-pribor.hr\/index.php\/wp-json\/wp\/v2\/product\/7411"}],"collection":[{"href":"https:\/\/ribolovni-pribor.hr\/index.php\/wp-json\/wp\/v2\/product"}],"about":[{"href":"https:\/\/ribolovni-pribor.hr\/index.php\/wp-json\/wp\/v2\/types\/product"}],"replies":[{"embeddable":true,"href":"https:\/\/ribolovni-pribor.hr\/index.php\/wp-json\/wp\/v2\/comments?post=7411"}],"wp:featuredmedia":[{"embeddable":true,"href":"https:\/\/ribolovni-pribor.hr\/index.php\/wp-json\/wp\/v2\/media\/7413"}],"wp:attachment":[{"href":"https:\/\/ribolovni-pribor.hr\/index.php\/wp-json\/wp\/v2\/media?parent=7411"}],"curies":[{"name":"wp","href":"https:\/\/api.w.org\/{rel}","templated":true}]}}