{"id":7661,"date":"2020-03-31T23:07:48","date_gmt":"2020-03-31T21:07:48","guid":{"rendered":"https:\/\/ribolovni-pribor.hr\/?post_type=product&#038;p=7661"},"modified":"2023-02-20T11:38:54","modified_gmt":"2023-02-20T10:38:54","slug":"mivardi-najlon-feeder-carp-200m","status":"publish","type":"product","link":"https:\/\/ribolovni-pribor.hr\/index.php\/proizvod\/mivardi-najlon-feeder-carp-200m\/","title":{"rendered":"MIVARDI NAJLON FEEDER &amp; CARP 200M"},"content":{"rendered":"<p>Najlon MIVARDI Feeder&amp;Carp pakirano u kolutu 200 m, vrlo kvalitetan najlon za \u0161aranski ili feeder na\u010din ribolova, 0% memorije, pogodan za ribolov ve\u0107ih riba. Najlon je mogu\u0107e koristiti i u match\/bolognese na\u010dinu ribolova.<\/p>\n","protected":false},"excerpt":{"rendered":"<p>Najlon MIVARDI Feeder&amp;Carp pakirano u kolutu 200 m, vrlo kvalitetan najlon za \u0161aranski ili feeder na\u010din ribolova, 0% memorije, pogodan za ribolov ve\u0107ih riba. Najlon je mogu\u0107e koristiti i u match\/bolognese na\u010dinu ribolova.<\/p>\n","protected":false},"featured_media":7664,"comment_status":"open","ping_status":"closed","template":"","meta":[],"_links":{"self":[{"href":"https:\/\/ribolovni-pribor.hr\/index.php\/wp-json\/wp\/v2\/product\/7661"}],"collection":[{"href":"https:\/\/ribolovni-pribor.hr\/index.php\/wp-json\/wp\/v2\/product"}],"about":[{"href":"https:\/\/ribolovni-pribor.hr\/index.php\/wp-json\/wp\/v2\/types\/product"}],"replies":[{"embeddable":true,"href":"https:\/\/ribolovni-pribor.hr\/index.php\/wp-json\/wp\/v2\/comments?post=7661"}],"wp:featuredmedia":[{"embeddable":true,"href":"https:\/\/ribolovni-pribor.hr\/index.php\/wp-json\/wp\/v2\/media\/7664"}],"wp:attachment":[{"href":"https:\/\/ribolovni-pribor.hr\/index.php\/wp-json\/wp\/v2\/media?parent=7661"}],"curies":[{"name":"wp","href":"https:\/\/api.w.org\/{rel}","templated":true}]}}