{"id":7951,"date":"2020-04-01T16:30:21","date_gmt":"2020-04-01T14:30:21","guid":{"rendered":"https:\/\/ribolovni-pribor.hr\/?post_type=product&#038;p=7951"},"modified":"2023-11-25T22:04:38","modified_gmt":"2023-11-25T21:04:38","slug":"mivardi-bomber-method-360ssh","status":"publish","type":"product","link":"https:\/\/ribolovni-pribor.hr\/index.php\/proizvod\/mivardi-bomber-method-360ssh\/","title":{"rendered":"MIVARDI BOMBER METHOD 360SSH"},"content":{"rendered":"<p>Sna\u017ean i izdr\u017eljiv \u0161tap dizajniran za lagani ribolov \u0161arana. Prikladan je za lov na velikim daljinama s te\u017eim hranilicama. Tome ujedno poma\u017eu i velike vodilice i posebna prva anti tangle vodilica, koja pobolj\u0161ava kretanje linija i pove\u0107ava udaljenost zaba\u010daja. Ovaj \u0161tap ima dovoljno rezerve snage za drilanje ve\u0107e ribe.<\/p>\n","protected":false},"excerpt":{"rendered":"<p>Sna\u017ean i izdr\u017eljiv \u0161tap dizajniran za lagani ribolov \u0161arana. Prikladan je za lov na velikim daljinama s te\u017eim hranilicama. Tome ujedno poma\u017eu i velike vodilice i posebna prva anti tangle vodilica, koja pobolj\u0161ava kretanje linija i pove\u0107ava udaljenost zaba\u010daja. Ovaj \u0161tap ima dovoljno rezerve snage za drilanje ve\u0107e ribe.<\/p>\n","protected":false},"featured_media":7952,"comment_status":"open","ping_status":"closed","template":"","meta":[],"_links":{"self":[{"href":"https:\/\/ribolovni-pribor.hr\/index.php\/wp-json\/wp\/v2\/product\/7951"}],"collection":[{"href":"https:\/\/ribolovni-pribor.hr\/index.php\/wp-json\/wp\/v2\/product"}],"about":[{"href":"https:\/\/ribolovni-pribor.hr\/index.php\/wp-json\/wp\/v2\/types\/product"}],"replies":[{"embeddable":true,"href":"https:\/\/ribolovni-pribor.hr\/index.php\/wp-json\/wp\/v2\/comments?post=7951"}],"wp:featuredmedia":[{"embeddable":true,"href":"https:\/\/ribolovni-pribor.hr\/index.php\/wp-json\/wp\/v2\/media\/7952"}],"wp:attachment":[{"href":"https:\/\/ribolovni-pribor.hr\/index.php\/wp-json\/wp\/v2\/media?parent=7951"}],"curies":[{"name":"wp","href":"https:\/\/api.w.org\/{rel}","templated":true}]}}