{"id":8382,"date":"2020-04-07T23:43:39","date_gmt":"2020-04-07T21:43:39","guid":{"rendered":"https:\/\/ribolovni-pribor.hr\/?post_type=product&#038;p=8382"},"modified":"2026-02-18T17:51:33","modified_gmt":"2026-02-18T16:51:33","slug":"mivardi-rapid-pellets-sweetcorn-1kg","status":"publish","type":"product","link":"https:\/\/ribolovni-pribor.hr\/index.php\/proizvod\/mivardi-rapid-pellets-sweetcorn-1kg\/","title":{"rendered":"MIVARDI RAPID PELLETS SWEETCORN 1KG 4MM"},"content":{"rendered":"<p>MIVARDI Rapid pellets SweetCorn od 1kg i 2,5kg, izvrsni peleti na bazi kukuruza \u0161e\u0107erca koji je posebnim postupkom maksimalno ekstrudiran. Peleti zapo\u010dinju svoju aktivnost 10 min nakon ulaska u vodu i imaju produljeno djelovanje i preko nekoliko sati. Jednostavno dodajte malo teku\u0107i aditiv ili boostere da pove\u0107ate njihovu atraktivnost i produ\u017eite vrijeme otapanja.<\/p>\n","protected":false},"excerpt":{"rendered":"<p>MIVARDI Rapid pellets SweetCorn od 1kg i 2,5kg, izvrsni peleti na bazi kukuruza \u0161e\u0107erca koji je posebnim postupkom maksimalno ekstrudiran. Peleti zapo\u010dinju svoju aktivnost 10 min nakon ulaska u vodu i imaju produljeno djelovanje i preko nekoliko sati. Jednostavno dodajte malo teku\u0107i aditiv ili boostere da pove\u0107ate njihovu atraktivnost i produ\u017eite vrijeme otapanja.<\/p>\n","protected":false},"featured_media":8389,"comment_status":"open","ping_status":"closed","template":"","meta":[],"_links":{"self":[{"href":"https:\/\/ribolovni-pribor.hr\/index.php\/wp-json\/wp\/v2\/product\/8382"}],"collection":[{"href":"https:\/\/ribolovni-pribor.hr\/index.php\/wp-json\/wp\/v2\/product"}],"about":[{"href":"https:\/\/ribolovni-pribor.hr\/index.php\/wp-json\/wp\/v2\/types\/product"}],"replies":[{"embeddable":true,"href":"https:\/\/ribolovni-pribor.hr\/index.php\/wp-json\/wp\/v2\/comments?post=8382"}],"wp:featuredmedia":[{"embeddable":true,"href":"https:\/\/ribolovni-pribor.hr\/index.php\/wp-json\/wp\/v2\/media\/8389"}],"wp:attachment":[{"href":"https:\/\/ribolovni-pribor.hr\/index.php\/wp-json\/wp\/v2\/media?parent=8382"}],"curies":[{"name":"wp","href":"https:\/\/api.w.org\/{rel}","templated":true}]}}